{"id":381,"date":"2025-03-14T18:41:16","date_gmt":"2025-03-14T18:41:16","guid":{"rendered":"https:\/\/biscottecie.com\/?page_id=381"},"modified":"2025-03-17T18:33:01","modified_gmt":"2025-03-17T18:33:01","slug":"laine-teinte-a-la-main-depuis-2007","status":"publish","type":"page","link":"https:\/\/biscottecie.com\/fr\/","title":{"rendered":"Laine teinte \u00e0 la main depuis 2007"},"content":{"rendered":"<p class=\"has-medium-font-size\">Biscotte & Cie is a family-run business that has been dyeing Autorayant\u1d50\u1d9c wool by hand since 2007. In addition to our local yarn stores, we also have an online shopping site waiting for you : <a href=\"https:\/\/biscotte.org\">Biscotte.org<\/a><\/p>\n\n\n\n<p class=\"has-medium-font-size\">Nous sommes r\u00e9put\u00e9s non seulement pour l'originalit\u00e9 et la qualit\u00e9 de nos laines teintes \u00e0 la main, mais aussi pour nos patrons de tricot exceptionnels. Nos mod\u00e8les se distinguent par leur style cr\u00e9atif qui d\u00e9fie les techniques de tricotage traditionnelles et par leurs mat\u00e9riaux de haute qualit\u00e9<\/p>\n\n\n\n<p><\/p>","protected":false},"excerpt":{"rendered":"<p>Biscotte &#038; Cie is a family-run business that has been dyeing Autorayant\u1d50\u1d9c wool by hand since 2007. In addition to our local yarn stores, we also have an online shopping site waiting for you : Biscotte.org We are renowned not only for the originality and&nbsp;&hellip;<\/p>","protected":false},"author":1,"featured_media":376,"parent":0,"menu_order":0,"comment_status":"closed","ping_status":"closed","template":"template-full.php","meta":{"footnotes":""},"class_list":["post-381","page","type-page","status-publish","has-post-thumbnail","hentry"],"_links":{"self":[{"href":"https:\/\/biscottecie.com\/fr\/wp-json\/wp\/v2\/pages\/381","targetHints":{"allow":["GET"]}}],"collection":[{"href":"https:\/\/biscottecie.com\/fr\/wp-json\/wp\/v2\/pages"}],"about":[{"href":"https:\/\/biscottecie.com\/fr\/wp-json\/wp\/v2\/types\/page"}],"author":[{"embeddable":true,"href":"https:\/\/biscottecie.com\/fr\/wp-json\/wp\/v2\/users\/1"}],"replies":[{"embeddable":true,"href":"https:\/\/biscottecie.com\/fr\/wp-json\/wp\/v2\/comments?post=381"}],"version-history":[{"count":8,"href":"https:\/\/biscottecie.com\/fr\/wp-json\/wp\/v2\/pages\/381\/revisions"}],"predecessor-version":[{"id":448,"href":"https:\/\/biscottecie.com\/fr\/wp-json\/wp\/v2\/pages\/381\/revisions\/448"}],"wp:featuredmedia":[{"embeddable":true,"href":"https:\/\/biscottecie.com\/fr\/wp-json\/wp\/v2\/media\/376"}],"wp:attachment":[{"href":"https:\/\/biscottecie.com\/fr\/wp-json\/wp\/v2\/media?parent=381"}],"curies":[{"name":"wp","href":"https:\/\/api.w.org\/{rel}","templated":true}]}}